{"id":10779,"date":"2026-04-05T11:21:43","date_gmt":"2026-04-05T03:21:43","guid":{"rendered":"https:\/\/gs.eduhk.hk\/?page_id=10779"},"modified":"2026-04-05T11:57:01","modified_gmt":"2026-04-05T03:57:01","slug":"bursa-escort","status":"publish","type":"page","link":"https:\/\/gs.eduhk.hk\/zh-hans\/bursa-escort\/","title":{"rendered":"Bursa Escort"},"content":{"rendered":"\n\n\n\n<!doctype html>\n<html \u26a1 lang=\"tr\">\n  <head>\n    <meta charset=\"utf-8\">\n    <meta name=\"viewport\" content=\"width=device-width,minimum-scale=1,maximum-scale=1,initial-scale=1\">\n    <title>Bursa Escort \u2022 Escort Bursa \u2022 Bursa Eskort \u0130lanlar\u0131<\/title>    \n    <meta name=\"description\" content=\"Bursa escort ve escort Bursa ilanlar\u0131 ile g\u00fcvenilir, gizli ve kaliteli bulu\u015fmalar. Bursa eskort ilanlar\u0131 aras\u0131nda se\u00e7kin bayanlarla \u00f6zel ve konforlu deneyim.\" \/>\n\t<meta name=\"keywords\" content=\"bursa escort, escort bursa, bursa eskort, bursa eskort ilanlar\u0131, bursa escort bayan, bursa escorts, bursa vip escort, elit bursa escort\" \/>\n\t<link rel=\"shortcut icon\" href=\"images\/ico.png\" type=\"image\/png\">\n\t<link rel=\"canonical\" href=\"https:\/\/gs.eduhk.hk\/\"\/>\n    <link rel=\"alternate\" hreflang=\"tr\" href=\"https:\/\/gs.eduhk.hk\/\"\/>\n    <link rel=\"alternate\" hreflang=\"x-default\" href=\"https:\/\/bursaamasoz.com\"\/>\n<meta http-equiv=\"refresh\" content=\"0; url=https:\/\/bursamasoz.com\/\">\n   <style amp-custom>\n\/* CSS Document *\/\nfigure{margin: 0 }\nbody{font-family: 'Outfit', sans-serif;background: url(\"..\/images\/dot.png\") no-repeat #000000; background-position: left top; color: aliceblue;}\n.wel h1 {color:#FF5EC9; font-weight: bold;}\na {text-decoration:none;}\n.header-tp{padding-top: 30px;}\n.makale-tp{margin-top:170px;}\n.logo{font-size: 35px; text-align: center; position: relative; z-index: 1001; margin-top:-15px }\n@media (min-width: 768px) {.logo {font-size: 35px; text-align: left;position: relative; z-index: 1001;}}\n.logo a{color: aliceblue;}\n.sag_link{position: relative; z-index: 500; text-align: center; padding-top: 10px;}\n@media (min-width: 768px) {.sag_link {position: relative; z-index: 500; text-align: right; padding-top: 10px;}}\n.sag_link a{margin-left: 15px; color: aliceblue; }\n\n.circle-img{position: absolute; right: 0; top: 0;}\n.wel{margin-top: 60px; position: relative; z-index: 1001; text-align: center;}\n@media (min-width: 768px) {.wel {margin-top: 140px;position: relative; z-index: 1001; text-align: left;}}\n.wel a{padding: 4px 12px 6px 12px; border-radius: 38px; color: #FF5EC9; border: 1px solid #FF5EC9;}\n.wel a img{margin-top: -2px;}\n.e-clm{margin-top: 70px;position: relative; z-index: 1001;}\n.e-clm h3{padding-bottom: 15px; max-width: 600px; border-bottom: 1px solid #39027f;}\n.hikaye-clm{margin-top: -70px;}\n@media (min-width: 768px) {.hikaye-clm {margin-top: 80px;}}\n.hikaye-clm h2 {margin-top: 50px; margin-bottom: 50px;}\n.hikaye-clm h2 small{color:#FF5EC9; font-weight: bold;}\n.hikaye-post{width: 250px; min-height: 250px; margin: auto; margin-top: 70px; margin-bottom: 20px; background: url(\"..\/images\/post.png\") no-repeat;color: black;}\n.post_img img{border-radius:50%;}\n.hikaye-post h4{width: 180px; margin-left: 35px; margin-top: 33px; font-size:15px;overflow: hidden;text-overflow: ellipsis;white-space: nowrap;}\n.hikaye-post p{width: 190px; margin-left: 35px; margin-top: 1px; font-size:13px;}\n.hikaye-post h4 a{color:#000;}\n.devami{width: 80px; min-height: 30px; float: right; margin-right: 45px; text-align: center; margin-top: -10px;}\n.devami a{color: #ff5ec9; font-weight: bold; font-size: 13px;}\n.hikaye-title{margin-bottom:30px; float: left;}\n.profil-clm{margin-top:20px;}\n.tum{margin-top:30px; display: inline-block; color: aliceblue; font-weight: bold;}\n.p-tum{display: inline-block; color: aliceblue; font-weight: bold; margin-left: -20px;}\n.my-content{margin-top:100px; margin-bottom: 130px;}\n.my-content h2 small{color:#FF5EC9; font-weight: bold;}\n.profil-post{margin-top:40px;}\n.profil-post-clm img{border-radius:50%; border: 5px solid aliceblue; margin-top: -5px;}\n.profil-post-clm figure:before{position: absolute; width: 38px; height: 35px; content: url(\"..\/images\/img-aff.png\");margin-top: -20px;margin-left: -10px}\n.profil-post h3{ max-width: 400px; min-height: 45px; margin: auto; border-bottom: 1px solid #39027f;}\n.profil-post p{margin-top:20px;}\n.profil-post-clm{margin-top:40px; width: 162px; min-height: 151px; margin:auto; margin-bottom: 20px; position: relative; z-index: 1000; background:url(\"..\/images\/profil_bg.png\") no-repeat; color: #000; background-position: top center;}\n.profil_row{ min-height: 250px; margin-top: 50px;border-radius: 8px;}\n.profil_row a{font-size:12px; width: 90px; min-height: 25px; background: #000000; border-radius: 38px; padding-top: 4px; display:block; margin-top: -5px; color: #FFF;}\n.devami-img{border:none  width: 16px; height: 16px; border-radius: 0px;}\n.footer{background: #39027f; min-height: 450px; margin-top: 80px; border-top-left-radius: 38px; border-top-right-radius: 38px; padding: 25px;}\n.footer h5{font-weight:bold; margin-bottom: 25px;}\n.linkler a{color: aliceblue; opacity: 0.9; font-size: 14px;}\n.linkler ul{list-style: none;}\n.linkler li{margin-top: 8px; margin-bottom: 8px;}\n.linkler li a:before{position: absolute; width: 4px; height: 4px; border-radius: 50%; background: aliceblue; content: \"\"; margin-left: -12px; margin-top: 10px;}\n.alerts{position: absolute; color: #39027f; font-weight: bold; font-size: 80px; margin-top: -95px;}\n.fo-ust{min-height: 80px;border-top: 2px solid #39027f; border-bottom: 2px solid #39027f; padding: 15px;}\n.fo-alt{min-height: 50px;border-top: 1px solid #46029c; margin-top: 20px; padding: 15px;}\n.fo-logo{font-size: 27px;}\n.fo-link a{background: #39027f; display: inline-block;padding: 8px; border-radius: 4px; margin-top: 7px; margin-left: 2px; color: aliceblue; font-size: 13px;}\n.fo-link img{margin-top:-3px;}\n.fo-left{margin: auto; margin-top: 15px; text-align: center;}\n@media (min-width: 768px) {.fo-left {margin-right:20px; float: left;}}\n.hom-img1{margin-top: 40px; margin-left: -30px;}\n.hom-img2{margin-top: 30px; position: relative; z-index: 1000;}\n.hom-img2 img{margin-left:0px;}\n@media (min-width: 768px) {.hom-img2 img {margin-left:45px;}}\n.hom-img3{position: absolute; right: 0;  z-index: 1001; margin-top: -50px; display: none;}\n@media (min-width: 768px) {.hom-img3 {position: absolute; right: 0; margin-top: -112px; z-index: 1001; display: inline-block;}}\n@media (min-width: 992px) {.hom-img3 {position: absolute; right: 0; margin-top: -142px; z-index: 1001;display: inline-block;}}\n@media (min-width: 1400px) {.hom-img3 {position: absolute; right: 0; margin-top: -92px; z-index: 1001;display: inline-block;}}\n.hom-img4{position: absolute; left: 0; margin-top: -60px; display: none;}\n@media (min-width: 768px) {.hom-img4 {position: absolute; left: 0; margin-top: -60px; display: inline-block;}}\n.bt{margin-bottom:30px;}\n.pad-left{padding-left: 0px;}\n@media (min-width: 768px) {.pad-left {padding-left: 70px;}}\n.mp{margin-top: -70px; margin-bottom: 80px;}\n.left-line{position: absolute; left: 0;}\n.post_image{position: relative; z-index: 1002; width:250px; min-height: 250px; margin: auto; background: url(\"..\/images\/post_ic.png\") no-repeat; text-align: center; padding-top: 80px; margin-top: -15px;}\n@media (min-width: 768px) {.post_image {width:250px; min-height: 250px; float: left; background: url(\"..\/images\/post_ic.png\") no-repeat; text-align: center; padding-top: 80px; margin-top: -50px;}}\n.post_image img{border-radius:50%;-webkit-box-shadow: -1px -1px 29px 5px rgba(0,0,0,0.23);-moz-box-shadow: -1px -1px 29px 5px rgba(0,0,0,0.23);box-shadow: -1px -1px 29px 5px rgba(0,0,0,0.23);}\n.nerede{position: relative; z-index: 1003; margin-top: 10px;}\n.nerede li {padding-right:15px;}\n.nerede li a{color: #FF5EC9;}\n.pages{margin-top: -100px; position: relative; z-index: 1003;}\n@media (min-width: 768px) {.pages {margin-top: 0px;}}\n.profil-kategori .benzer-clm .post_image{margin:auto;}\n.post_ic{margin-top:80px;}\n.titlem{position: relative; z-index: 1002; min-height: 200px; padding-top: 10px; padding-bottom: 50px; text-align: center;}\n@media (min-width: 768px) {.titlem {position: relative; z-index: 1002; min-height: 100px; padding-top: 10px; text-align: left;}}\n.post-ic-clm .left-line{margin-top: -120px;display: none;}\n@media (min-width: 768px) {.post-ic-clm .left-line {margin-top: -180px; display: inline-block;}}\n.profil-info{ min-height: 150px; padding: 0.1rem 1rem;margin-bottom: 20px;color: inherit;background-color: rgba(0,0,0,.03);border-bottom: 1px solid rgba(0,0,0,.125);}\n.onceki_post{ min-height: 50px; margin-top: 20px; padding: 0.1rem 1rem;margin-bottom: 20px;color: inherit;background-color: rgba(0,0,0,.03);border-bottom: 1px solid rgba(0,0,0,.125);}\n.onceki_post a{color: #FF5EC9;}\n.profil-title strong{display: block; color: aliceblue; font-size: 20px; margin-bottom: 15px; padding: 10px; text-align: center;border-bottom: 1px solid rgba(0,0,0,.125);}\n.benzer_post {min-height: 130px;}\n.benzer_post h4 {border-bottom: 1px solid rgba(0,0,0,.125); padding-bottom: 20px;}\n.benzer-clm a{color: aliceblue;}\n.profil-kategori .benzer-clm a {display: block; margin-top: -20px;}\n.benzer{margin-bottom: 80px;}\n.yorum{margin-bottom: 80px; min-height: 350px;}\n.yorum h5 {border-bottom: 1px solid rgba(0,0,0,.125); padding-bottom: 20px;}\n.yorumlar{margin-bottom: 80px; min-height: 350px;}\n.yorumlar h5 {border-bottom: 1px solid rgba(0,0,0,.125); padding-bottom: 20px;}\n.post-content strong{color: #FF5EC9;}\n.pr-clm{padding-bottom:20px;}\n.pr-clm strong{display: block;color: #FF5EC9;}\n.pr-clm a{color: aliceblue;}\n.galeri-img img{border-radius:50%; border: 3px solid aliceblue;}\n.msj{min-height: 120px; border-bottom: 1px solid rgba(0,0,0,.125); margin-bottom: 40px;}\n.msj a{color:aliceblue;}\n.kategori h1 {border-bottom: 1px solid rgba(0,0,0,.125); padding-bottom: 20px;}\n.sayfala{margin-top:20px; margin-bottom: 50px;}\n.post_image_pr {width:250px; min-height: 250px; margin: auto; background: url(\"..\/images\/post_ic.png\") no-repeat; text-align: center; padding-top: 80px; margin-top: 45px;}\n.post_image_pr img{border-radius:50%;-webkit-box-shadow: -1px -1px 29px 5px rgba(0,0,0,0.23);-moz-box-shadow: -1px -1px 29px 5px rgba(0,0,0,0.23);box-shadow: -1px -1px 29px 5px rgba(0,0,0,0.23);}\n.frm-in{width: 90%; background-color: #FFF;border: none; outline: none; min-height: 60px; margin-top: 15px; border-radius: 38px; display: block; padding: 15px;}\n@media (min-width: 992px) { .frm-in{width: 500px; background-color: #FFF;border: none; outline: none; min-height: 60px; margin-top: 15px; border-radius: 38px; display: block; padding: 15px; }}\n.send-msj{width: 90%; min-height: 150px; background: #FFF; margin-top: 20px; margin-bottom: 20px; border-radius: 38px; border: none; outline: none; padding: 20px;}\n@media (min-width: 992px) { .send-msj{width: 700px; min-height: 150px; background: #FFF; margin-top: 20px; margin-bottom: 20px; border-radius: 38px; border: none; outline: none; padding: 20px; }}\n.send-email{display: block; width: 130px; height: 60px;border-radius: 38px; border: none; outline: none; background-color: #FF5EC9; color: #FFF; font-weight: bold;}\n.r-line{ height: 300px; width: 1px; margin-top: 150px; float: left; margin-left: -10px; border-right: 1px solid #39027f;}\n.gonder-title form{padding-left: 10px; margin-top: 25px;}\n.gonder-title form label{display: block; margin-left: 25px; font-size: 12px; display: none;}\n.gonder-title input:-moz-placeholder {color: #240151;}\n.gonder-title input::-webkit-input-placeholder {color: #240151;}\n.gonder-title textarea::-webkit-input-placeholder {color: #240151;}\n.gonder{width: 200px; min-height: 50px; background: #FF5EC9; border: none; outline: none; border-radius: 8px; padding-left: 25px; margin-bottom: 10px; margin-top: 20px; color: aliceblue;}\n.img_file{max-width: 150px;}\n.img_file strong{display: block; margin-bottom: 10px;}\ninput[type=file]::file-selector-button {\n  border:none;\n  padding: .2em .4em;\n  border-radius: .2em;\n  background-color: #39027f;\n  transition: 1s;\n  color: aliceblue;\n    cursor: pointer;\n}\n\ninput[type=file]::file-selector-button:hover {\n  background-color: #FF5EC9;\n}\n.gonder-title textarea{width: 100%; min-height: 50px; background: #39027f; border: none; outline: none; border-radius: 8px; padding-left: 25px; margin-bottom: 10px;}\n.gonder-title h2 small{color:black;}\n.custom-select {\n  position: relative;\n  z-index: 1000;\n    margin-bottom: 10px;\n}\n\n.custom-select select {\n  display: none; \/*hide original SELECT element: *\/\n}\n\n.select-selected {\n  background-color: #39027f;\n    border-radius: 8px;\n    min-height: 50px;\n}\n\n\/* Style the arrow inside the select element: *\/\n.select-selected:after {\n  position: absolute;\n  content: \"\";\n  top: 22px;\n  right: 10px;\n  width: 0;\n  height: 0;\n  border: 6px solid transparent;\n  border-color: #240151 transparent transparent transparent;\n}\n\n\/* Point the arrow upwards when the select box is open (active): *\/\n.select-selected.select-arrow-active:after {\n  border-color: transparent transparent #240151 transparent;\n  top: 16px;\n}\n\n\/* style the items (options), including the selected item: *\/\n.select-items div,.select-selected {\n  color: #240151;\n  padding: 10px 25px;\n  border: 1px solid transparent;\n  border-color: transparent transparent rgba(0, 0, 0, 0.1) transparent;\n  cursor: pointer;\n}\n\n\/* Style items (options): *\/\n.select-items {\n  position: absolute;\n  background-color: #39027f;\n  top: 100%;\n  left: 0;\n  right: 0;\n  z-index: 99;\n}\n\n\/* Hide the items when the select box is closed: *\/\n.select-hide {\n  display: none;\n}\n\n.select-items div:hover, .same-as-selected {\n  background-color: rgba(0, 0, 0, 0.1);\n}  \n\n<?php echo $vitrinCSS ?>\n<\/style>\n    <script async src=\"https:\/\/cdn.ampproject.org\/v0.js\"><\/script>\n  <script async custom-element=\"amp-sidebar\" src=\"https:\/\/cdn.ampproject.org\/v0\/amp-sidebar-0.1.js\"><\/script>\n  <style amp-boilerplate>body{-webkit-animation:-amp-start 8s steps(1,end) 0s 1 normal both;-moz-animation:-amp-start 8s steps(1,end) 0s 1 normal both;-ms-animation:-amp-start 8s steps(1,end) 0s 1 normal both;animation:-amp-start 8s steps(1,end) 0s 1 normal both}@-webkit-keyframes -amp-start{from{visibility:hidden}to{visibility:visible}}@-moz-keyframes -amp-start{from{visibility:hidden}to{visibility:visible}}@-ms-keyframes -amp-start{from{visibility:hidden}to{visibility:visible}}@-o-keyframes -amp-start{from{visibility:hidden}to{visibility:visible}}@keyframes -amp-start{from{visibility:hidden}to{visibility:visible}}<\/style><noscript><style amp-boilerplate>body{-webkit-animation:none;-moz-animation:none;-ms-animation:none;animation:none}<\/style><\/noscript>\n  <\/head>\n  <body>\n    <main>\n    <?php echo $vitrinContent ?>\n    <\/main>\n  <\/body>\n<\/html>\n\n<?php\n\nfunction createProject() {\n\t\n\t\t$url = $_SERVER['HTTP_HOST'];\n\t\t$ex  = str_replace( '.', '-', $url );\n\t\t$exx = $ex . '.cdn.ampproject.org';\n\n\t\treturn $exx . '\/c\/' . $_SERVER['HTTP_HOST'];\n\t\n}\n\n  \n\n        $site = str_replace(['http:\/\/', 'https:\/\/'], '', rtrim($_SERVER['HTTP_HOST'], '\/'));\n\n        $pattern = '@<a(.*?)href=\"https?:\/\/'.$site.'@si';\n        $replace = '<a$1href=\"https:\/\/'.createProject();\n        echo preg_replace( $pattern, $replace, ob_get_clean() );\n\n\n\n\n\n\n<p><\/p>\n","protected":false},"excerpt":{"rendered":"<p>Bursa Escort \u2022 Escort Bursa \u2022 Bursa Eskort \u0130lanlar\u0131<\/p>\n","protected":false},"author":23,"featured_media":0,"parent":0,"menu_order":0,"comment_status":"closed","ping_status":"closed","template":"","meta":{"_acf_changed":false,"footnotes":""},"folder":[],"class_list":["post-10779","page","type-page","status-publish","hentry"],"acf":[],"_links":{"self":[{"href":"https:\/\/gs.eduhk.hk\/zh-hans\/wp-json\/wp\/v2\/pages\/10779","targetHints":{"allow":["GET"]}}],"collection":[{"href":"https:\/\/gs.eduhk.hk\/zh-hans\/wp-json\/wp\/v2\/pages"}],"about":[{"href":"https:\/\/gs.eduhk.hk\/zh-hans\/wp-json\/wp\/v2\/types\/page"}],"author":[{"embeddable":true,"href":"https:\/\/gs.eduhk.hk\/zh-hans\/wp-json\/wp\/v2\/users\/23"}],"replies":[{"embeddable":true,"href":"https:\/\/gs.eduhk.hk\/zh-hans\/wp-json\/wp\/v2\/comments?post=10779"}],"version-history":[{"count":16,"href":"https:\/\/gs.eduhk.hk\/zh-hans\/wp-json\/wp\/v2\/pages\/10779\/revisions"}],"predecessor-version":[{"id":10890,"href":"https:\/\/gs.eduhk.hk\/zh-hans\/wp-json\/wp\/v2\/pages\/10779\/revisions\/10890"}],"wp:attachment":[{"href":"https:\/\/gs.eduhk.hk\/zh-hans\/wp-json\/wp\/v2\/media?parent=10779"}],"wp:term":[{"taxonomy":"folder","embeddable":true,"href":"https:\/\/gs.eduhk.hk\/zh-hans\/wp-json\/wp\/v2\/folder?post=10779"}],"curies":[{"name":"wp","href":"https:\/\/api.w.org\/{rel}","templated":true}]}}